{"id":197,"date":"2026-02-17T13:28:14","date_gmt":"2026-02-17T13:28:14","guid":{"rendered":"https:\/\/whitewedding.dk.xn--pasfotohjrring-yqb.dk\/?page_id=197"},"modified":"2026-02-18T18:30:30","modified_gmt":"2026-02-18T18:30:30","slug":"kontakt","status":"publish","type":"page","link":"https:\/\/whitewedding.dk\/index.php\/kontakt\/","title":{"rendered":"Kontakt"},"content":{"rendered":"<div   class='avia-fullscreen-slider main_color   avia-builder-el-0  el_before_av_one_full  avia-builder-el-first  container_wrap fullsize'  ><div  class='avia-slideshow av-9mspx-755a5d7ca495bd6ae0a592ccaad9d049 avia-slideshow-extra_large av_fullscreen avia-slide-slider av-slideshow-ui av-control-default av-slideshow-manual av-loop-once av-loop-manual-endless av-default-height-applied   avia-slideshow-1' data-slideshow-options=\"{&quot;animation&quot;:&quot;slide&quot;,&quot;autoplay&quot;:false,&quot;loop_autoplay&quot;:&quot;once&quot;,&quot;interval&quot;:5,&quot;loop_manual&quot;:&quot;manual-endless&quot;,&quot;autoplay_stopper&quot;:false,&quot;noNavigation&quot;:false,&quot;bg_slider&quot;:true,&quot;keep_padding&quot;:false,&quot;hoverpause&quot;:false,&quot;show_slide_delay&quot;:0,&quot;slide_height&quot;:&quot;100&quot;,&quot;image_attachment&quot;:&quot;&quot;}\"  itemprop=\"image\" itemscope=\"itemscope\" itemtype=\"https:\/\/schema.org\/ImageObject\" ><ul class='avia-slideshow-inner ' style='padding-bottom: 56.266666666667%;'><li style='background-position:center center;' data-img-url='https:\/\/whitewedding.dk\/wp-content\/uploads\/2026\/02\/Cover-med-tekst-Bjarne-Hyldgaard-6617-1500x844.jpg' class='avia-slideshow-slide av-9mspx-755a5d7ca495bd6ae0a592ccaad9d049__0  av-single-slide slide-1 slide-odd'><div data-rel='slideshow-1' class='avia-slide-wrap '  title='Brudepar under vielsen' ><\/div><\/li><\/ul><\/div><\/div><div id='after_full_slider_1'  class='main_color av_default_container_wrap container_wrap fullsize'  ><div class='container av-section-cont-open' ><div class='template-page content  av-content-full alpha units'><div class='post-entry post-entry-type-page post-entry-197'><div class='entry-content-wrapper clearfix'>\n<div  class='flex_column av-h5xit-7cca580f0744b0e013b6f263d1fd0f51 av_one_full  avia-builder-el-1  el_after_av_fullscreen  el_before_av_contact  avia-builder-el-first  first flex_column_div  '     ><\/div>\n<form action=\"https:\/\/whitewedding.dk\/index.php\/kontakt\/\" method=\"post\" data-fields-with-error=\"Found errors in the following field(s):\" class=\"avia_ajax_form av-form-labels-visible   avia-builder-el-2  el_after_av_one_full  avia-builder-el-last  av-show-form-errors   \" data-avia-form-id=\"1\" data-avia-redirect=''  aria-label='Kontakt formular' ><h3 class=''>Udfyld kontaktformularen eller ring p\u00e5 20346302<\/h3><fieldset><p class='  first_form  form_element form_fullwidth' id='element_avia_1_1'><label for=\"avia_1_1\">Fornavn og efternavn <abbr class=\"required\" title=\"required\">*<\/abbr><\/label> <input name=\"avia_1_1\" class=\"text_input is_empty\" type=\"text\" id=\"avia_1_1\" value=\"\" \/><\/p><p class='  first_form  form_element form_fullwidth' id='element_avia_2_1'><label for=\"avia_2_1\">Telefon <abbr class=\"required\" title=\"required\">*<\/abbr><\/label> <input name=\"avia_2_1\" class=\"text_input is_empty\" type=\"text\" id=\"avia_2_1\" value=\"\" \/><\/p><p class='  first_form  form_element form_fullwidth' id='element_avia_3_1'><label for=\"avia_3_1\">E-Mail <abbr class=\"required\" title=\"required\">*<\/abbr><\/label> <input name=\"avia_3_1\" class=\"text_input is_email\" type=\"text\" id=\"avia_3_1\" value=\"\" \/><\/p><p class='  first_form  form_element form_fullwidth' id='element_avia_4_1'><label for=\"avia_4_1\" class=\"textare_label hidden textare_label_avia_4_1\">Hvad kan jeg hj\u00e6lpe med? <abbr class=\"required\" title=\"required\">*<\/abbr><\/label><textarea  name=\"avia_4_1\" class=\"text_area is_empty\" cols=\"40\" rows=\"7\" id=\"avia_4_1\" ><\/textarea><\/p><p class=\"hidden\"><input type=\"text\" name=\"avia_5_1\" class=\"hidden \" id=\"avia_5_1\" value=\"\" \/><\/p><p class='   form_element form_fullwidth' id='element_avia_6_1'><span class='value_verifier_label'>4 + 4 = ?<\/span><input name=\"avia_6_1_verifier\" type=\"hidden\" id=\"avia_6_1_verifier\" value=\"676758275\"\/><label for=\"avia_6_1\">Please prove that you are human by solving the equation <abbr class=\"required\" title=\"required\">*<\/abbr><\/label><input name=\"avia_6_1\" class=\"text_input captcha\" type=\"text\" id=\"avia_6_1\" value=\"\"\/><\/p><p class=\"form_element \"><input type=\"hidden\" value=\"1\" name=\"avia_generated_form1\" \/><input type=\"submit\" value=\"Send\" class=\"button\"  data-sending-label=\"Sending\"\/><\/p><\/fieldset><\/form><div id=\"ajaxresponse_1\" class=\"ajaxresponse ajaxresponse_1 hidden\"><\/div>\n","protected":false},"excerpt":{"rendered":"","protected":false},"author":1,"featured_media":0,"parent":0,"menu_order":0,"comment_status":"closed","ping_status":"closed","template":"","meta":{"footnotes":""},"class_list":["post-197","page","type-page","status-publish","hentry"],"yoast_head":"<!-- This site is optimized with the Yoast SEO plugin v27.4 - https:\/\/yoast.com\/product\/yoast-seo-wordpress\/ -->\n<title>Kontakt - White Wedding - gammel<\/title>\n<meta name=\"description\" content=\"Hos White Wedding f\u00e5r I \u00e6rlige, naturlige \u00f8jeblikke og en tryg oplevelse hele vejen igennem fra f\u00f8rste kontakt til de endelige billeder. Jeg skaber ro omkring jer, s\u00e5 I kan v\u00e6re jer selv foran kameraet uden at f\u00f8le jer fotograferet. Betydningsfulde detaljer, r\u00f8rende \u00f8jeblikke og tidl\u00f8se billeder I vil elske i mange \u00e5r.\" \/>\n<meta name=\"robots\" content=\"index, follow, max-snippet:-1, max-image-preview:large, max-video-preview:-1\" \/>\n<link rel=\"canonical\" href=\"https:\/\/whitewedding.dk\/index.php\/kontakt\/\" \/>\n<meta property=\"og:locale\" content=\"da_DK\" \/>\n<meta property=\"og:type\" content=\"article\" \/>\n<meta property=\"og:title\" content=\"Kontakt - White Wedding - gammel\" \/>\n<meta property=\"og:description\" content=\"Hos White Wedding f\u00e5r I \u00e6rlige, naturlige \u00f8jeblikke og en tryg oplevelse hele vejen igennem fra f\u00f8rste kontakt til de endelige billeder. Jeg skaber ro omkring jer, s\u00e5 I kan v\u00e6re jer selv foran kameraet uden at f\u00f8le jer fotograferet. Betydningsfulde detaljer, r\u00f8rende \u00f8jeblikke og tidl\u00f8se billeder I vil elske i mange \u00e5r.\" \/>\n<meta property=\"og:url\" content=\"https:\/\/whitewedding.dk\/index.php\/kontakt\/\" \/>\n<meta property=\"og:site_name\" content=\"White Wedding - gammel\" \/>\n<meta property=\"article:modified_time\" content=\"2026-02-18T18:30:30+00:00\" \/>\n<meta name=\"twitter:card\" content=\"summary_large_image\" \/>\n<meta name=\"twitter:label1\" content=\"Estimeret l\u00e6setid\" \/>\n\t<meta name=\"twitter:data1\" content=\"1 minut\" \/>\n<script type=\"application\/ld+json\" class=\"yoast-schema-graph\">{\"@context\":\"https:\\\/\\\/schema.org\",\"@graph\":[{\"@type\":\"WebPage\",\"@id\":\"https:\\\/\\\/whitewedding.dk\\\/index.php\\\/kontakt\\\/\",\"url\":\"https:\\\/\\\/whitewedding.dk\\\/index.php\\\/kontakt\\\/\",\"name\":\"Kontakt - White Wedding - gammel\",\"isPartOf\":{\"@id\":\"https:\\\/\\\/whitewedding.dk\\\/#website\"},\"datePublished\":\"2026-02-17T13:28:14+00:00\",\"dateModified\":\"2026-02-18T18:30:30+00:00\",\"description\":\"Hos White Wedding f\u00e5r I \u00e6rlige, naturlige \u00f8jeblikke og en tryg oplevelse hele vejen igennem fra f\u00f8rste kontakt til de endelige billeder. Jeg skaber ro omkring jer, s\u00e5 I kan v\u00e6re jer selv foran kameraet uden at f\u00f8le jer fotograferet. Betydningsfulde detaljer, r\u00f8rende \u00f8jeblikke og tidl\u00f8se billeder I vil elske i mange \u00e5r.\",\"breadcrumb\":{\"@id\":\"https:\\\/\\\/whitewedding.dk\\\/index.php\\\/kontakt\\\/#breadcrumb\"},\"inLanguage\":\"da-DK\",\"potentialAction\":[{\"@type\":\"ReadAction\",\"target\":[\"https:\\\/\\\/whitewedding.dk\\\/index.php\\\/kontakt\\\/\"]}]},{\"@type\":\"BreadcrumbList\",\"@id\":\"https:\\\/\\\/whitewedding.dk\\\/index.php\\\/kontakt\\\/#breadcrumb\",\"itemListElement\":[{\"@type\":\"ListItem\",\"position\":1,\"name\":\"Hjem\",\"item\":\"https:\\\/\\\/whitewedding.dk\\\/\"},{\"@type\":\"ListItem\",\"position\":2,\"name\":\"Kontakt\"}]},{\"@type\":\"WebSite\",\"@id\":\"https:\\\/\\\/whitewedding.dk\\\/#website\",\"url\":\"https:\\\/\\\/whitewedding.dk\\\/\",\"name\":\"White Wedding - gammel\",\"description\":\"\",\"potentialAction\":[{\"@type\":\"SearchAction\",\"target\":{\"@type\":\"EntryPoint\",\"urlTemplate\":\"https:\\\/\\\/whitewedding.dk\\\/?s={search_term_string}\"},\"query-input\":{\"@type\":\"PropertyValueSpecification\",\"valueRequired\":true,\"valueName\":\"search_term_string\"}}],\"inLanguage\":\"da-DK\"}]}<\/script>\n<!-- \/ Yoast SEO plugin. -->","yoast_head_json":{"title":"Kontakt - White Wedding - gammel","description":"Hos White Wedding f\u00e5r I \u00e6rlige, naturlige \u00f8jeblikke og en tryg oplevelse hele vejen igennem fra f\u00f8rste kontakt til de endelige billeder. Jeg skaber ro omkring jer, s\u00e5 I kan v\u00e6re jer selv foran kameraet uden at f\u00f8le jer fotograferet. Betydningsfulde detaljer, r\u00f8rende \u00f8jeblikke og tidl\u00f8se billeder I vil elske i mange \u00e5r.","robots":{"index":"index","follow":"follow","max-snippet":"max-snippet:-1","max-image-preview":"max-image-preview:large","max-video-preview":"max-video-preview:-1"},"canonical":"https:\/\/whitewedding.dk\/index.php\/kontakt\/","og_locale":"da_DK","og_type":"article","og_title":"Kontakt - White Wedding - gammel","og_description":"Hos White Wedding f\u00e5r I \u00e6rlige, naturlige \u00f8jeblikke og en tryg oplevelse hele vejen igennem fra f\u00f8rste kontakt til de endelige billeder. Jeg skaber ro omkring jer, s\u00e5 I kan v\u00e6re jer selv foran kameraet uden at f\u00f8le jer fotograferet. Betydningsfulde detaljer, r\u00f8rende \u00f8jeblikke og tidl\u00f8se billeder I vil elske i mange \u00e5r.","og_url":"https:\/\/whitewedding.dk\/index.php\/kontakt\/","og_site_name":"White Wedding - gammel","article_modified_time":"2026-02-18T18:30:30+00:00","twitter_card":"summary_large_image","twitter_misc":{"Estimeret l\u00e6setid":"1 minut"},"schema":{"@context":"https:\/\/schema.org","@graph":[{"@type":"WebPage","@id":"https:\/\/whitewedding.dk\/index.php\/kontakt\/","url":"https:\/\/whitewedding.dk\/index.php\/kontakt\/","name":"Kontakt - White Wedding - gammel","isPartOf":{"@id":"https:\/\/whitewedding.dk\/#website"},"datePublished":"2026-02-17T13:28:14+00:00","dateModified":"2026-02-18T18:30:30+00:00","description":"Hos White Wedding f\u00e5r I \u00e6rlige, naturlige \u00f8jeblikke og en tryg oplevelse hele vejen igennem fra f\u00f8rste kontakt til de endelige billeder. Jeg skaber ro omkring jer, s\u00e5 I kan v\u00e6re jer selv foran kameraet uden at f\u00f8le jer fotograferet. Betydningsfulde detaljer, r\u00f8rende \u00f8jeblikke og tidl\u00f8se billeder I vil elske i mange \u00e5r.","breadcrumb":{"@id":"https:\/\/whitewedding.dk\/index.php\/kontakt\/#breadcrumb"},"inLanguage":"da-DK","potentialAction":[{"@type":"ReadAction","target":["https:\/\/whitewedding.dk\/index.php\/kontakt\/"]}]},{"@type":"BreadcrumbList","@id":"https:\/\/whitewedding.dk\/index.php\/kontakt\/#breadcrumb","itemListElement":[{"@type":"ListItem","position":1,"name":"Hjem","item":"https:\/\/whitewedding.dk\/"},{"@type":"ListItem","position":2,"name":"Kontakt"}]},{"@type":"WebSite","@id":"https:\/\/whitewedding.dk\/#website","url":"https:\/\/whitewedding.dk\/","name":"White Wedding - gammel","description":"","potentialAction":[{"@type":"SearchAction","target":{"@type":"EntryPoint","urlTemplate":"https:\/\/whitewedding.dk\/?s={search_term_string}"},"query-input":{"@type":"PropertyValueSpecification","valueRequired":true,"valueName":"search_term_string"}}],"inLanguage":"da-DK"}]}},"_links":{"self":[{"href":"https:\/\/whitewedding.dk\/index.php\/wp-json\/wp\/v2\/pages\/197","targetHints":{"allow":["GET"]}}],"collection":[{"href":"https:\/\/whitewedding.dk\/index.php\/wp-json\/wp\/v2\/pages"}],"about":[{"href":"https:\/\/whitewedding.dk\/index.php\/wp-json\/wp\/v2\/types\/page"}],"author":[{"embeddable":true,"href":"https:\/\/whitewedding.dk\/index.php\/wp-json\/wp\/v2\/users\/1"}],"replies":[{"embeddable":true,"href":"https:\/\/whitewedding.dk\/index.php\/wp-json\/wp\/v2\/comments?post=197"}],"version-history":[{"count":6,"href":"https:\/\/whitewedding.dk\/index.php\/wp-json\/wp\/v2\/pages\/197\/revisions"}],"predecessor-version":[{"id":206,"href":"https:\/\/whitewedding.dk\/index.php\/wp-json\/wp\/v2\/pages\/197\/revisions\/206"}],"wp:attachment":[{"href":"https:\/\/whitewedding.dk\/index.php\/wp-json\/wp\/v2\/media?parent=197"}],"curies":[{"name":"wp","href":"https:\/\/api.w.org\/{rel}","templated":true}]}}