{"id":172,"date":"2026-02-05T10:47:27","date_gmt":"2026-02-05T10:47:27","guid":{"rendered":"https:\/\/whitewedding.dk.xn--pasfotohjrring-yqb.dk\/?page_id=172"},"modified":"2026-02-18T18:30:23","modified_gmt":"2026-02-18T18:30:23","slug":"lidt-om-mig","status":"publish","type":"page","link":"https:\/\/whitewedding.dk\/index.php\/lidt-om-mig\/","title":{"rendered":"Lidt om fotografen"},"content":{"rendered":"<div   class='avia-fullscreen-slider main_color   avia-builder-el-0  el_before_av_one_full  avia-builder-el-first  container_wrap fullsize'  ><div  class='avia-slideshow av-j36k4-dfa27538058e37838f366a56a61fd340 avia-slideshow-extra_large av_fullscreen avia-slide-slider av-slideshow-ui av-control-default av-slideshow-manual av-loop-once av-loop-manual-endless av-default-height-applied   avia-slideshow-1' data-slideshow-options=\"{&quot;animation&quot;:&quot;slide&quot;,&quot;autoplay&quot;:false,&quot;loop_autoplay&quot;:&quot;once&quot;,&quot;interval&quot;:5,&quot;loop_manual&quot;:&quot;manual-endless&quot;,&quot;autoplay_stopper&quot;:false,&quot;noNavigation&quot;:false,&quot;bg_slider&quot;:true,&quot;keep_padding&quot;:false,&quot;hoverpause&quot;:false,&quot;show_slide_delay&quot;:0,&quot;slide_height&quot;:&quot;100&quot;,&quot;image_attachment&quot;:&quot;&quot;}\"  itemprop=\"image\" itemscope=\"itemscope\" itemtype=\"https:\/\/schema.org\/ImageObject\" ><ul class='avia-slideshow-inner ' style='padding-bottom: 56.266666666667%;'><li style='background-position:center center;' data-img-url='https:\/\/whitewedding.dk\/wp-content\/uploads\/2026\/02\/Cover-med-tekst-bjarnehyldgaard-fotoMood-7728-1500x844.jpg' class='avia-slideshow-slide av-j36k4-dfa27538058e37838f366a56a61fd340__0  av-single-slide slide-1 slide-odd'><div data-rel='slideshow-1' class='avia-slide-wrap '  title='Bryllupsfotografi af brudepar i naturen, bryllupsfotograf' ><\/div><\/li><\/ul><\/div><\/div><div id='after_full_slider_1'  class='main_color av_default_container_wrap container_wrap fullsize'  ><div class='container av-section-cont-open' ><div class='template-page content  av-content-full alpha units'><div class='post-entry post-entry-type-page post-entry-172'><div class='entry-content-wrapper clearfix'>\n<div  class='flex_column av-ej0u4-39f4361bb8f5c6d14e10e25812b777f9 av_one_full  avia-builder-el-1  el_after_av_fullscreen  el_before_av_one_fourth  avia-builder-el-first  first flex_column_div  '     ><section  class='av_textblock_section av-9vl24-7c6cbf45b7839290234bda7b08998ee2 '   itemscope=\"itemscope\" itemtype=\"https:\/\/schema.org\/CreativeWork\" ><div class='avia_textblock'  itemprop=\"text\" ><h1>Fuldtids fotograf med base i Nordjylland<\/h1>\n<h3>&#8211; med kunder i hele Kongeriget<\/h3>\n<p class=\"p1\">Fotografi er min passion, og jeg har fotograferet professionelt i mere end 25 \u00e5r. I hverdagen er jeg selvst\u00e6ndig fuldtids portr\u00e6t- og erhvervsfotograf med stort fotostudio i Hj\u00f8rring. Laver alt fra familie- og portr\u00e6tfotos til virksomhedsprofiler og illustrationsopgaver for magasiner og tidsskrifter. Jeg har fotograferet +75 bryllupper gennem tiden.<\/p>\n<p class=\"p1\">Udover bryllupsbilleder laver jeg ogs\u00e5 forlovelsesbilleder, d\u00e5bsbilleder og fotos af m\u00e6rkedage som s\u00f8lv- og guldbryllupper samt konfirmationer og graviditetsbilleder.<\/p>\n<p class=\"p1\">Jeg er indehaver af mange internationale fotografiske priser og er Nordisk Mester i fotografi i b\u00e5de 2017, 2018, 2019 og 2022.<\/p>\n<p class=\"p1\">I min fritid tilbringer jeg meget tid i naturen. Gerne p\u00e5 vandreture, men ogs\u00e5 p\u00e5 fotografering, hvor is\u00e6r fugle har min store interesse. At sidde stille i en skov eller ligge i en s\u00f8 og vente p\u00e5 at dyrene kommer t\u00e6t p\u00e5, giver en dejlig ro.<\/p>\n<\/div><\/section><\/div><div  class='flex_column av-r4qxw-23cb3479465ab94b8c2ce8ada8352155 av_one_fourth  avia-builder-el-3  el_after_av_one_full  el_before_av_one_fourth  first flex_column_div  column-top-margin'     ><style type=\"text\/css\" data-created_by=\"avia_inline_auto\" id=\"style-css-av-ml9hjt4p-c208dec26bcf5446a9ce4bcfa3e19dd0\">\n.avia-image-container.av-ml9hjt4p-c208dec26bcf5446a9ce4bcfa3e19dd0 img.avia_image{\nbox-shadow:none;\n}\n.avia-image-container.av-ml9hjt4p-c208dec26bcf5446a9ce4bcfa3e19dd0 .av-image-caption-overlay-center{\ncolor:#ffffff;\n}\n<\/style>\n<div  class='avia-image-container av-ml9hjt4p-c208dec26bcf5446a9ce4bcfa3e19dd0 av-styling- avia-align-center  avia-builder-el-4  avia-builder-el-no-sibling '   itemprop=\"image\" itemscope=\"itemscope\" itemtype=\"https:\/\/schema.org\/ImageObject\" ><div class=\"avia-image-container-inner\"><div class=\"avia-image-overlay-wrap\"><img decoding=\"async\" fetchpriority=\"high\" class='wp-image-185 avia-img-lazy-loading-not-185 avia_image ' src=\"https:\/\/whitewedding.dk\/wp-content\/uploads\/2026\/02\/DFF-logo-300x300-px.jpg\" alt='Logo Dansk Fotografisk Forening' title='DFF logo 300x300 px'  height=\"300\" width=\"300\"  itemprop=\"thumbnailUrl\" srcset=\"https:\/\/whitewedding.dk\/wp-content\/uploads\/2026\/02\/DFF-logo-300x300-px.jpg 300w, https:\/\/whitewedding.dk\/wp-content\/uploads\/2026\/02\/DFF-logo-300x300-px-80x80.jpg 80w, https:\/\/whitewedding.dk\/wp-content\/uploads\/2026\/02\/DFF-logo-300x300-px-36x36.jpg 36w, https:\/\/whitewedding.dk\/wp-content\/uploads\/2026\/02\/DFF-logo-300x300-px-180x180.jpg 180w\" sizes=\"(max-width: 300px) 100vw, 300px\" \/><\/div><\/div><\/div><\/div><div  class='flex_column av-ipsb0-0685885123d9ca9deef337feb13ecb09 av_one_fourth  avia-builder-el-5  el_after_av_one_fourth  el_before_av_one_fourth  flex_column_div  column-top-margin'     ><style type=\"text\/css\" data-created_by=\"avia_inline_auto\" id=\"style-css-av-ml9i9m40-0f65e427a0c44d75ff12296609fd2a3f\">\n.avia-image-container.av-ml9i9m40-0f65e427a0c44d75ff12296609fd2a3f img.avia_image{\nbox-shadow:none;\n}\n.avia-image-container.av-ml9i9m40-0f65e427a0c44d75ff12296609fd2a3f .av-image-caption-overlay-center{\ncolor:#ffffff;\n}\n<\/style>\n<div  class='avia-image-container av-ml9i9m40-0f65e427a0c44d75ff12296609fd2a3f av-styling- avia-align-center  avia-builder-el-6  avia-builder-el-no-sibling '   itemprop=\"image\" itemscope=\"itemscope\" itemtype=\"https:\/\/schema.org\/ImageObject\" ><div class=\"avia-image-container-inner\"><div class=\"avia-image-overlay-wrap\"><img decoding=\"async\" fetchpriority=\"high\" class='wp-image-187 avia-img-lazy-loading-not-187 avia_image ' src=\"https:\/\/whitewedding.dk\/wp-content\/uploads\/2026\/02\/DJ-MK_logo_L_sh-300x300px.jpg\" alt='Logo Dansk Journalistforbubd' title='DJ-MK_logo_L_sh-300x300px'  height=\"300\" width=\"300\"  itemprop=\"thumbnailUrl\" srcset=\"https:\/\/whitewedding.dk\/wp-content\/uploads\/2026\/02\/DJ-MK_logo_L_sh-300x300px.jpg 300w, https:\/\/whitewedding.dk\/wp-content\/uploads\/2026\/02\/DJ-MK_logo_L_sh-300x300px-80x80.jpg 80w, https:\/\/whitewedding.dk\/wp-content\/uploads\/2026\/02\/DJ-MK_logo_L_sh-300x300px-36x36.jpg 36w, https:\/\/whitewedding.dk\/wp-content\/uploads\/2026\/02\/DJ-MK_logo_L_sh-300x300px-180x180.jpg 180w\" sizes=\"(max-width: 300px) 100vw, 300px\" \/><\/div><\/div><\/div><\/div><div  class='flex_column av-e8gfo-09262fa288cafa0d1269143f7aa28912 av_one_fourth  avia-builder-el-7  el_after_av_one_fourth  el_before_av_one_fourth  flex_column_div  column-top-margin'     ><style type=\"text\/css\" data-created_by=\"avia_inline_auto\" id=\"style-css-av-ml9iamnp-502d6ba0ec89ce0d1e4b0bcb1ea06446\">\n.avia-image-container.av-ml9iamnp-502d6ba0ec89ce0d1e4b0bcb1ea06446 img.avia_image{\nbox-shadow:none;\n}\n.avia-image-container.av-ml9iamnp-502d6ba0ec89ce0d1e4b0bcb1ea06446 .av-image-caption-overlay-center{\ncolor:#ffffff;\n}\n<\/style>\n<div  class='avia-image-container av-ml9iamnp-502d6ba0ec89ce0d1e4b0bcb1ea06446 av-styling- avia-align-center  avia-builder-el-8  avia-builder-el-no-sibling '   itemprop=\"image\" itemscope=\"itemscope\" itemtype=\"https:\/\/schema.org\/ImageObject\" ><div class=\"avia-image-container-inner\"><div class=\"avia-image-overlay-wrap\"><img decoding=\"async\" fetchpriority=\"high\" class='wp-image-188 avia-img-lazy-loading-not-188 avia_image ' src=\"https:\/\/whitewedding.dk\/wp-content\/uploads\/2026\/02\/FIAP-Logo-300x300px.jpg\" alt='' title='FIAP Logo 300x300px'  height=\"300\" width=\"300\"  itemprop=\"thumbnailUrl\" srcset=\"https:\/\/whitewedding.dk\/wp-content\/uploads\/2026\/02\/FIAP-Logo-300x300px.jpg 300w, https:\/\/whitewedding.dk\/wp-content\/uploads\/2026\/02\/FIAP-Logo-300x300px-80x80.jpg 80w, https:\/\/whitewedding.dk\/wp-content\/uploads\/2026\/02\/FIAP-Logo-300x300px-36x36.jpg 36w, https:\/\/whitewedding.dk\/wp-content\/uploads\/2026\/02\/FIAP-Logo-300x300px-180x180.jpg 180w\" sizes=\"(max-width: 300px) 100vw, 300px\" \/><\/div><\/div><\/div><\/div><div  class='flex_column av-745l0-e37aa9c12b0e66df2f4c22e97683cd9e av_one_fourth  avia-builder-el-9  el_after_av_one_fourth  avia-builder-el-last  flex_column_div  column-top-margin'     ><style type=\"text\/css\" data-created_by=\"avia_inline_auto\" id=\"style-css-av-ml9ibf1p-0bb1fe877be87a26814e157e64d3c6e3\">\n.avia-image-container.av-ml9ibf1p-0bb1fe877be87a26814e157e64d3c6e3 img.avia_image{\nbox-shadow:none;\n}\n.avia-image-container.av-ml9ibf1p-0bb1fe877be87a26814e157e64d3c6e3 .av-image-caption-overlay-center{\ncolor:#ffffff;\n}\n<\/style>\n<div  class='avia-image-container av-ml9ibf1p-0bb1fe877be87a26814e157e64d3c6e3 av-styling- avia-align-center  avia-builder-el-10  avia-builder-el-no-sibling '   itemprop=\"image\" itemscope=\"itemscope\" itemtype=\"https:\/\/schema.org\/ImageObject\" ><div class=\"avia-image-container-inner\"><div class=\"avia-image-overlay-wrap\"><img decoding=\"async\" fetchpriority=\"high\" class='wp-image-190 avia-img-lazy-loading-not-190 avia_image ' src=\"https:\/\/whitewedding.dk\/wp-content\/uploads\/2026\/02\/Logo-Nordic-society-of-photography-300x300-px.jpg\" alt='' title='Logo- Nordic society of photography 300x300 px'  height=\"300\" width=\"300\"  itemprop=\"thumbnailUrl\" srcset=\"https:\/\/whitewedding.dk\/wp-content\/uploads\/2026\/02\/Logo-Nordic-society-of-photography-300x300-px.jpg 300w, https:\/\/whitewedding.dk\/wp-content\/uploads\/2026\/02\/Logo-Nordic-society-of-photography-300x300-px-80x80.jpg 80w, https:\/\/whitewedding.dk\/wp-content\/uploads\/2026\/02\/Logo-Nordic-society-of-photography-300x300-px-36x36.jpg 36w, https:\/\/whitewedding.dk\/wp-content\/uploads\/2026\/02\/Logo-Nordic-society-of-photography-300x300-px-180x180.jpg 180w\" sizes=\"(max-width: 300px) 100vw, 300px\" \/><\/div><\/div><\/div><\/div><\/p>\n","protected":false},"excerpt":{"rendered":"","protected":false},"author":1,"featured_media":0,"parent":0,"menu_order":0,"comment_status":"closed","ping_status":"closed","template":"","meta":{"footnotes":""},"class_list":["post-172","page","type-page","status-publish","hentry"],"yoast_head":"<!-- This site is optimized with the Yoast SEO plugin v27.4 - https:\/\/yoast.com\/product\/yoast-seo-wordpress\/ -->\n<title>Lidt om fotografen - White Wedding - gammel<\/title>\n<meta name=\"description\" content=\"Hos White Wedding f\u00e5r I \u00e6rlige, naturlige \u00f8jeblikke og en tryg oplevelse hele vejen igennem fra f\u00f8rste kontakt til de endelige billeder. Jeg skaber ro omkring jer, s\u00e5 I kan v\u00e6re jer selv foran kameraet uden at f\u00f8le jer fotograferet. Betydningsfulde detaljer, r\u00f8rende \u00f8jeblikke og tidl\u00f8se billeder I vil elske i mange \u00e5r.\" \/>\n<meta name=\"robots\" content=\"index, follow, max-snippet:-1, max-image-preview:large, max-video-preview:-1\" \/>\n<link rel=\"canonical\" href=\"https:\/\/whitewedding.dk\/index.php\/lidt-om-mig\/\" \/>\n<meta property=\"og:locale\" content=\"da_DK\" \/>\n<meta property=\"og:type\" content=\"article\" \/>\n<meta property=\"og:title\" content=\"Lidt om fotografen - White Wedding - gammel\" \/>\n<meta property=\"og:description\" content=\"Hos White Wedding f\u00e5r I \u00e6rlige, naturlige \u00f8jeblikke og en tryg oplevelse hele vejen igennem fra f\u00f8rste kontakt til de endelige billeder. Jeg skaber ro omkring jer, s\u00e5 I kan v\u00e6re jer selv foran kameraet uden at f\u00f8le jer fotograferet. Betydningsfulde detaljer, r\u00f8rende \u00f8jeblikke og tidl\u00f8se billeder I vil elske i mange \u00e5r.\" \/>\n<meta property=\"og:url\" content=\"https:\/\/whitewedding.dk\/index.php\/lidt-om-mig\/\" \/>\n<meta property=\"og:site_name\" content=\"White Wedding - gammel\" \/>\n<meta property=\"article:modified_time\" content=\"2026-02-18T18:30:23+00:00\" \/>\n<meta name=\"twitter:card\" content=\"summary_large_image\" \/>\n<meta name=\"twitter:label1\" content=\"Estimeret l\u00e6setid\" \/>\n\t<meta name=\"twitter:data1\" content=\"2 minutter\" \/>\n<script type=\"application\/ld+json\" class=\"yoast-schema-graph\">{\"@context\":\"https:\\\/\\\/schema.org\",\"@graph\":[{\"@type\":\"WebPage\",\"@id\":\"https:\\\/\\\/whitewedding.dk\\\/index.php\\\/lidt-om-mig\\\/\",\"url\":\"https:\\\/\\\/whitewedding.dk\\\/index.php\\\/lidt-om-mig\\\/\",\"name\":\"Lidt om fotografen - White Wedding - gammel\",\"isPartOf\":{\"@id\":\"https:\\\/\\\/whitewedding.dk\\\/#website\"},\"datePublished\":\"2026-02-05T10:47:27+00:00\",\"dateModified\":\"2026-02-18T18:30:23+00:00\",\"description\":\"Hos White Wedding f\u00e5r I \u00e6rlige, naturlige \u00f8jeblikke og en tryg oplevelse hele vejen igennem fra f\u00f8rste kontakt til de endelige billeder. Jeg skaber ro omkring jer, s\u00e5 I kan v\u00e6re jer selv foran kameraet uden at f\u00f8le jer fotograferet. Betydningsfulde detaljer, r\u00f8rende \u00f8jeblikke og tidl\u00f8se billeder I vil elske i mange \u00e5r.\",\"breadcrumb\":{\"@id\":\"https:\\\/\\\/whitewedding.dk\\\/index.php\\\/lidt-om-mig\\\/#breadcrumb\"},\"inLanguage\":\"da-DK\",\"potentialAction\":[{\"@type\":\"ReadAction\",\"target\":[\"https:\\\/\\\/whitewedding.dk\\\/index.php\\\/lidt-om-mig\\\/\"]}]},{\"@type\":\"BreadcrumbList\",\"@id\":\"https:\\\/\\\/whitewedding.dk\\\/index.php\\\/lidt-om-mig\\\/#breadcrumb\",\"itemListElement\":[{\"@type\":\"ListItem\",\"position\":1,\"name\":\"Hjem\",\"item\":\"https:\\\/\\\/whitewedding.dk\\\/\"},{\"@type\":\"ListItem\",\"position\":2,\"name\":\"Lidt om fotografen\"}]},{\"@type\":\"WebSite\",\"@id\":\"https:\\\/\\\/whitewedding.dk\\\/#website\",\"url\":\"https:\\\/\\\/whitewedding.dk\\\/\",\"name\":\"White Wedding - gammel\",\"description\":\"\",\"potentialAction\":[{\"@type\":\"SearchAction\",\"target\":{\"@type\":\"EntryPoint\",\"urlTemplate\":\"https:\\\/\\\/whitewedding.dk\\\/?s={search_term_string}\"},\"query-input\":{\"@type\":\"PropertyValueSpecification\",\"valueRequired\":true,\"valueName\":\"search_term_string\"}}],\"inLanguage\":\"da-DK\"}]}<\/script>\n<!-- \/ Yoast SEO plugin. -->","yoast_head_json":{"title":"Lidt om fotografen - White Wedding - gammel","description":"Hos White Wedding f\u00e5r I \u00e6rlige, naturlige \u00f8jeblikke og en tryg oplevelse hele vejen igennem fra f\u00f8rste kontakt til de endelige billeder. Jeg skaber ro omkring jer, s\u00e5 I kan v\u00e6re jer selv foran kameraet uden at f\u00f8le jer fotograferet. Betydningsfulde detaljer, r\u00f8rende \u00f8jeblikke og tidl\u00f8se billeder I vil elske i mange \u00e5r.","robots":{"index":"index","follow":"follow","max-snippet":"max-snippet:-1","max-image-preview":"max-image-preview:large","max-video-preview":"max-video-preview:-1"},"canonical":"https:\/\/whitewedding.dk\/index.php\/lidt-om-mig\/","og_locale":"da_DK","og_type":"article","og_title":"Lidt om fotografen - White Wedding - gammel","og_description":"Hos White Wedding f\u00e5r I \u00e6rlige, naturlige \u00f8jeblikke og en tryg oplevelse hele vejen igennem fra f\u00f8rste kontakt til de endelige billeder. Jeg skaber ro omkring jer, s\u00e5 I kan v\u00e6re jer selv foran kameraet uden at f\u00f8le jer fotograferet. Betydningsfulde detaljer, r\u00f8rende \u00f8jeblikke og tidl\u00f8se billeder I vil elske i mange \u00e5r.","og_url":"https:\/\/whitewedding.dk\/index.php\/lidt-om-mig\/","og_site_name":"White Wedding - gammel","article_modified_time":"2026-02-18T18:30:23+00:00","twitter_card":"summary_large_image","twitter_misc":{"Estimeret l\u00e6setid":"2 minutter"},"schema":{"@context":"https:\/\/schema.org","@graph":[{"@type":"WebPage","@id":"https:\/\/whitewedding.dk\/index.php\/lidt-om-mig\/","url":"https:\/\/whitewedding.dk\/index.php\/lidt-om-mig\/","name":"Lidt om fotografen - White Wedding - gammel","isPartOf":{"@id":"https:\/\/whitewedding.dk\/#website"},"datePublished":"2026-02-05T10:47:27+00:00","dateModified":"2026-02-18T18:30:23+00:00","description":"Hos White Wedding f\u00e5r I \u00e6rlige, naturlige \u00f8jeblikke og en tryg oplevelse hele vejen igennem fra f\u00f8rste kontakt til de endelige billeder. Jeg skaber ro omkring jer, s\u00e5 I kan v\u00e6re jer selv foran kameraet uden at f\u00f8le jer fotograferet. Betydningsfulde detaljer, r\u00f8rende \u00f8jeblikke og tidl\u00f8se billeder I vil elske i mange \u00e5r.","breadcrumb":{"@id":"https:\/\/whitewedding.dk\/index.php\/lidt-om-mig\/#breadcrumb"},"inLanguage":"da-DK","potentialAction":[{"@type":"ReadAction","target":["https:\/\/whitewedding.dk\/index.php\/lidt-om-mig\/"]}]},{"@type":"BreadcrumbList","@id":"https:\/\/whitewedding.dk\/index.php\/lidt-om-mig\/#breadcrumb","itemListElement":[{"@type":"ListItem","position":1,"name":"Hjem","item":"https:\/\/whitewedding.dk\/"},{"@type":"ListItem","position":2,"name":"Lidt om fotografen"}]},{"@type":"WebSite","@id":"https:\/\/whitewedding.dk\/#website","url":"https:\/\/whitewedding.dk\/","name":"White Wedding - gammel","description":"","potentialAction":[{"@type":"SearchAction","target":{"@type":"EntryPoint","urlTemplate":"https:\/\/whitewedding.dk\/?s={search_term_string}"},"query-input":{"@type":"PropertyValueSpecification","valueRequired":true,"valueName":"search_term_string"}}],"inLanguage":"da-DK"}]}},"_links":{"self":[{"href":"https:\/\/whitewedding.dk\/index.php\/wp-json\/wp\/v2\/pages\/172","targetHints":{"allow":["GET"]}}],"collection":[{"href":"https:\/\/whitewedding.dk\/index.php\/wp-json\/wp\/v2\/pages"}],"about":[{"href":"https:\/\/whitewedding.dk\/index.php\/wp-json\/wp\/v2\/types\/page"}],"author":[{"embeddable":true,"href":"https:\/\/whitewedding.dk\/index.php\/wp-json\/wp\/v2\/users\/1"}],"replies":[{"embeddable":true,"href":"https:\/\/whitewedding.dk\/index.php\/wp-json\/wp\/v2\/comments?post=172"}],"version-history":[{"count":14,"href":"https:\/\/whitewedding.dk\/index.php\/wp-json\/wp\/v2\/pages\/172\/revisions"}],"predecessor-version":[{"id":194,"href":"https:\/\/whitewedding.dk\/index.php\/wp-json\/wp\/v2\/pages\/172\/revisions\/194"}],"wp:attachment":[{"href":"https:\/\/whitewedding.dk\/index.php\/wp-json\/wp\/v2\/media?parent=172"}],"curies":[{"name":"wp","href":"https:\/\/api.w.org\/{rel}","templated":true}]}}