{"id":119,"date":"2026-01-31T13:10:12","date_gmt":"2026-01-31T13:10:12","guid":{"rendered":"https:\/\/whitewedding.dk.xn--pasfotohjrring-yqb.dk\/?page_id=119"},"modified":"2026-02-28T10:29:46","modified_gmt":"2026-02-28T10:29:46","slug":"pakkepriser-bryllupsfoto","status":"publish","type":"page","link":"https:\/\/whitewedding.dk\/index.php\/pakkepriser-bryllupsfoto\/","title":{"rendered":"Pakkepriser"},"content":{"rendered":"<div   class='avia-fullscreen-slider main_color   avia-builder-el-0  el_before_av_one_full  avia-builder-el-first  container_wrap fullsize'  ><div  class='avia-slideshow av-ml2bzdx2-2566705f2bea2e58bd85f490481e57c2 avia-slideshow-extra_large av_fullscreen avia-slide-slider av-slideshow-ui av-control-default av-slideshow-manual av-loop-once av-loop-manual-endless av-default-height-applied   avia-slideshow-1' data-slideshow-options=\"{&quot;animation&quot;:&quot;slide&quot;,&quot;autoplay&quot;:false,&quot;loop_autoplay&quot;:&quot;once&quot;,&quot;interval&quot;:5,&quot;loop_manual&quot;:&quot;manual-endless&quot;,&quot;autoplay_stopper&quot;:false,&quot;noNavigation&quot;:false,&quot;bg_slider&quot;:true,&quot;keep_padding&quot;:false,&quot;hoverpause&quot;:false,&quot;show_slide_delay&quot;:0,&quot;slide_height&quot;:&quot;100&quot;,&quot;image_attachment&quot;:&quot;&quot;}\"  itemprop=\"image\" itemscope=\"itemscope\" itemtype=\"https:\/\/schema.org\/ImageObject\" ><ul class='avia-slideshow-inner ' style='padding-bottom: 56.266666666667%;'><li style='background-position:center center;' data-img-url='https:\/\/whitewedding.dk\/wp-content\/uploads\/2026\/01\/Coverfoto-med-tekst-bjarnehyldgaard_6953-1500x844.jpg' class='avia-slideshow-slide av-ml2bzdx2-2566705f2bea2e58bd85f490481e57c2__0  av-single-slide slide-1 slide-odd'><div data-rel='slideshow-1' class='avia-slide-wrap '  title='Bryllupsfotografi af brudepar i naturen, bryllupsfotograf' ><\/div><\/li><\/ul><\/div><\/div><div id='after_full_slider_1'  class='main_color av_default_container_wrap container_wrap fullsize'  ><div class='container av-section-cont-open' ><div class='template-page content  av-content-full alpha units'><div class='post-entry post-entry-type-page post-entry-119'><div class='entry-content-wrapper clearfix'>\n<div  class='flex_column av-6vvpb-6cd128c85cc17178faa1ff58b58be19a av_one_full  avia-builder-el-1  el_after_av_fullscreen  el_before_av_one_fourth  avia-builder-el-first  first flex_column_div  '     ><section  class='av_textblock_section av-ml2c2km7-565509b172326781db51400519bcab6d '   itemscope=\"itemscope\" itemtype=\"https:\/\/schema.org\/CreativeWork\" ><div class='avia_textblock'  itemprop=\"text\" ><h1>Hvad koster en bryllupsfotograf?<\/h1>\n<h3>Her finder I forslag til bryllupspakker. Alle pakker kan tilpasses jeres \u00f8nsker og behov.<\/h3>\n<\/div><\/section><\/div>\n<div  class='flex_column av-ph2r3-a6dae9ccb49d2bed7a42e3f652a7d375 av_one_fourth  avia-builder-el-3  el_after_av_one_full  el_before_av_one_fourth  first flex_column_div  column-top-margin'     ><section  class='av_textblock_section av-ml2d6cha-d7e34e7cae2c0602d427529b3d2c6374 '   itemscope=\"itemscope\" itemtype=\"https:\/\/schema.org\/CreativeWork\" ><div class='avia_textblock'  itemprop=\"text\" ><h1>PAKKE 1<\/h1>\n<ul class=\"ul1\">\n<li class=\"li1\"><b><i><\/i><\/b>Stemningsbilleder fra brudgommen og g\u00e6sterne ankommer til kirken<\/li>\n<li class=\"li1\"><b><i><\/i><\/b>Brudens ankomst til kirken<\/li>\n<li class=\"li1\"><b><i><\/i><\/b>Fotografering under vielsen (hvis pr\u00e6sten tillader det)<\/li>\n<li class=\"li1\"><b><i><\/i><\/b>Stemningsbilleder efter vielsen (riskast og lignende)<\/li>\n<li class=\"li1\"><b><i><\/i><\/b>Familieportr\u00e6tter ved\/i kirken<\/li>\n<li class=\"li1\"><b><i><\/i><\/b>Portr\u00e6tfotografering p\u00e5 en valgt lokation<\/li>\n<li class=\"li1\"><b><i><\/i><\/b>Stemningsbilleder fra receptionen<\/li>\n<li class=\"li1\"><b><i><\/i><\/b>Bryllupskagen<\/li>\n<li class=\"li1\"><b><i><\/i><\/b>Stemningsbilleder under festen til og med brudevalsen<\/li>\n<li class=\"li1\"><b><i><\/i><\/b>5 redigerede billeder leveret digitalt indenfor 48 timer<\/li>\n<li class=\"li1\"><b><i><\/i><\/b>Billederne leveres i 2 st\u00f8rrelser (print og web opl\u00f8sning)<\/li>\n<li>3 valgfrie print i op til str. 50&#215;70<\/li>\n<li>2 valgfrie print til for\u00e6ldre i op til str. 30&#215;40 cm.<\/li>\n<li class=\"li1\"><b><i><\/i><\/b>Online galleri hvor I kan dele billederne med hvem, I har lyst<\/li>\n<li class=\"li1\"><b><i><\/i><\/b>Mulighed for tilk\u00f8b af luksus fotoalbum<\/li>\n<li class=\"li1\"><b><i><\/i><\/b>Vil I have mig med til forberedelse f\u00f8r vielsen, finder vi en god pris p\u00e5 det<\/li>\n<\/ul>\n<p class=\"p1\"><span class=\"s2\">Pris: <\/span>15.000<\/p>\n<\/div><\/section><\/div>\n<div  class='flex_column av-28c2f-58ab36cfacfdd5fce3be75d2bcfb2965 av_one_fourth  avia-builder-el-5  el_after_av_one_fourth  el_before_av_one_fourth  flex_column_div  column-top-margin'     ><section  class='av_textblock_section av-ml2d6o63-ffad4f7fc0956b6bfbc7c0afe6cfd3db '   itemscope=\"itemscope\" itemtype=\"https:\/\/schema.org\/CreativeWork\" ><div class='avia_textblock'  itemprop=\"text\" ><h1>PAKKE 2<\/h1>\n<ul class=\"ul1\">\n<li class=\"li1\"><b><i><\/i><\/b>Stemningsbilleder fra brudgommen og g\u00e6sterne ankommer til kirken<\/li>\n<li class=\"li1\"><b><i><\/i><\/b>Brudens ankomst til kirken<\/li>\n<li class=\"li1\"><b><i><\/i><\/b>Fotografering under vielsen (hvis pr\u00e6sten tillader det)<\/li>\n<li class=\"li1\"><b><i><\/i><\/b>Stemningsbilleder efter vielsen (riskast og lignende)<\/li>\n<li class=\"li1\"><b><i><\/i><\/b>Familieportr\u00e6tter ved\/i kirken<\/li>\n<li class=\"li1\"><b><i><\/i><\/b>Portr\u00e6tfotografering p\u00e5 en valgt lokation<\/li>\n<li class=\"li1\"><b><i><\/i><\/b>Stemningsbilleder fra receptionen<\/li>\n<li class=\"li1\"><b><i><\/i><\/b>Bryllupskagen<\/li>\n<li class=\"li1\"><b><i><\/i><\/b>5 redigerede billeder leveret digitalt indenfor 48 timer<\/li>\n<li class=\"li1\"><b><i><\/i><\/b>Billederne leveres i 2 st\u00f8rrelser (print og web opl\u00f8sning)<\/li>\n<li>2 valgfrie print i op til str. 50&#215;70 cm.<\/li>\n<li>2 valgfrie print til for\u00e6ldre i op til str. 30&#215;40 cm.<\/li>\n<li class=\"li1\"><b><i><\/i><\/b>Online galleri hvor I kan dele billederne med hvem, I har lyst<\/li>\n<li class=\"li1\"><b><i><\/i><\/b>Mulighed for tilk\u00f8b af luksus fotoalbum<\/li>\n<li class=\"li1\"><b><i><\/i><\/b>Vil I have mig med til forberedelse f\u00f8r vielsen, finder vi en god pris p\u00e5 det<\/li>\n<\/ul>\n<p class=\"p1\"><span class=\"s2\">Pris: <\/span>8.800<\/p>\n<\/div><\/section><\/div>\n<div  class='flex_column av-gqci7-73cfd91769f88e687d99ae64b6d893e5 av_one_fourth  avia-builder-el-7  el_after_av_one_fourth  el_before_av_one_fourth  flex_column_div  column-top-margin'     ><section  class='av_textblock_section av-ml2d7459-cf14e1fb220b05570a7a388deb21f1e3 '   itemscope=\"itemscope\" itemtype=\"https:\/\/schema.org\/CreativeWork\" ><div class='avia_textblock'  itemprop=\"text\" ><h1>PAKKE 3<\/h1>\n<ul class=\"ul1\">\n<li class=\"li1\"><b><i><\/i><\/b>Stemningsbilleder fra brudgommen og g\u00e6sterne ankommer til kirken<\/li>\n<li class=\"li1\"><b><i><\/i><\/b>Brudens ankomst til kirken<\/li>\n<li class=\"li1\"><b><i><\/i><\/b>Fotografering under vielsen (hvis pr\u00e6sten tillader det)<\/li>\n<li class=\"li1\"><b><i><\/i><\/b>Stemningsbilleder efter vielsen (riskast og lignende)<\/li>\n<li class=\"li1\"><b><i><\/i><\/b>Familieportr\u00e6tter ved\/i kirken<\/li>\n<li class=\"li1\"><b><i><\/i><\/b>Portr\u00e6tfotografering p\u00e5 en valgt lokation<\/li>\n<li class=\"li1\"><b><i><\/i><\/b>5 redigerede billeder leveret digitalt indenfor 48 timer<\/li>\n<li class=\"li1\"><b><i><\/i><\/b>Billederne leveres i 2 st\u00f8rrelser (print og web opl\u00f8sning)<\/li>\n<li>1 valgfrit print i op til str. 50&#215;70 cm.<\/li>\n<li>2 valgfrie print til for\u00e6ldre i op til str. 30&#215;40 cm.<\/li>\n<li class=\"li1\"><b><i><\/i><\/b>Online galleri hvor I kan dele billederne med hvem I har lyst<\/li>\n<li class=\"li1\"><b><i><\/i><\/b>Mulighed for tilk\u00f8b af luksus fotoalbum<\/li>\n<li class=\"li1\"><b><i><\/i><\/b>Vil I have mig med til forberedelse f\u00f8r vielsen, finder vi en god pris p\u00e5 det<\/li>\n<\/ul>\n<p class=\"p2\">Pris: <span class=\"s2\">6.500<\/span><\/p>\n<\/div><\/section><\/div>\n<div  class='flex_column av-af3y7-f02bd00abca9f6588f4891480bba9558 av_one_fourth  avia-builder-el-9  el_after_av_one_fourth  el_before_av_textblock  flex_column_div  column-top-margin'     ><section  class='av_textblock_section av-ml2d7qq2-62073edf1ea436d301ee6f1e4838ffe9 '   itemscope=\"itemscope\" itemtype=\"https:\/\/schema.org\/CreativeWork\" ><div class='avia_textblock'  itemprop=\"text\" ><h1>PAKKE 4 &#8211; r\u00e5dhusbryllup<\/h1>\n<ul>\n<li class=\"p1\">Fotografering under vielsen<\/li>\n<li class=\"p1\"><b><i><\/i><\/b>Stemningsbilleder efter vielsen (riskast og lignende)<\/li>\n<li class=\"p1\"><b><i><\/i><\/b>Familieportr\u00e6tter ved\/i r\u00e5dhuset<\/li>\n<li class=\"p1\"><b><i><\/i><\/b>En times portr\u00e6tfotografering p\u00e5 en valgt lokation<\/li>\n<li class=\"p1\"><b><i><\/i><\/b>5 redigerede billeder leveret digitalt indenfor 48 timer<\/li>\n<li class=\"p1\"><b><i><\/i><\/b>Billederne leveres i 2 st\u00f8rrelser (print og web opl\u00f8sning)<\/li>\n<li>1 valgfrit print i op til str. 50&#215;70 cm.<\/li>\n<li>2 valgfrie print til for\u00e6ldre i op til str. 30&#215;40 cm.<\/li>\n<li class=\"p1\"><b><i><\/i><\/b>Online galleri hvor I kan dele billederne med hvem I har lyst<\/li>\n<li class=\"p1\"><b><i><\/i><\/b>Mulighed for tilk\u00f8b af luksus fotoalbum<\/li>\n<li>R\u00e5dhuspakken tilbydes hverdage mandag til fredag, men ikke l\u00f8rdage og helligdage<\/li>\n<\/ul>\n<p class=\"p1\">Pris: 3.900<\/p>\n<\/div><\/section><\/div><section  class='av_textblock_section av-ml6yi9zg-c8608cd980978f516939c54277d91f5a '   itemscope=\"itemscope\" itemtype=\"https:\/\/schema.org\/CreativeWork\" ><div class='avia_textblock'  itemprop=\"text\" ><h1>Fandt I det, I s\u00f8gte?<\/h1>\n<h3>Har I noget andet i tankerne, s\u00e5 kontakt mig p\u00e5 telefon 20346302 eller p\u00e5 <a href=\"info@whitewedding.dk\">mail<\/a> &#8211; det er naturligvis uforpligtende.<\/h3>\n<\/div><\/section><\/p>\n","protected":false},"excerpt":{"rendered":"","protected":false},"author":1,"featured_media":0,"parent":0,"menu_order":0,"comment_status":"closed","ping_status":"closed","template":"","meta":{"footnotes":""},"class_list":["post-119","page","type-page","status-publish","hentry"],"yoast_head":"<!-- This site is optimized with the Yoast SEO plugin v27.4 - https:\/\/yoast.com\/product\/yoast-seo-wordpress\/ -->\n<title>Pakkepriser - White Wedding - gammel<\/title>\n<meta name=\"description\" content=\"Hos White Wedding f\u00e5r I \u00e6rlige, naturlige \u00f8jeblikke og en tryg oplevelse hele vejen igennem fra f\u00f8rste kontakt til de endelige billeder. Jeg skaber ro omkring jer, s\u00e5 I kan v\u00e6re jer selv foran kameraet uden at f\u00f8le jer fotograferet. Betydningsfulde detaljer, r\u00f8rende \u00f8jeblikke og tidl\u00f8se billeder I vil elske i mange \u00e5r.\" \/>\n<meta name=\"robots\" content=\"index, follow, max-snippet:-1, max-image-preview:large, max-video-preview:-1\" \/>\n<link rel=\"canonical\" href=\"https:\/\/whitewedding.dk\/index.php\/pakkepriser-bryllupsfoto\/\" \/>\n<meta property=\"og:locale\" content=\"da_DK\" \/>\n<meta property=\"og:type\" content=\"article\" \/>\n<meta property=\"og:title\" content=\"Pakkepriser - White Wedding - gammel\" \/>\n<meta property=\"og:description\" content=\"Hos White Wedding f\u00e5r I \u00e6rlige, naturlige \u00f8jeblikke og en tryg oplevelse hele vejen igennem fra f\u00f8rste kontakt til de endelige billeder. Jeg skaber ro omkring jer, s\u00e5 I kan v\u00e6re jer selv foran kameraet uden at f\u00f8le jer fotograferet. Betydningsfulde detaljer, r\u00f8rende \u00f8jeblikke og tidl\u00f8se billeder I vil elske i mange \u00e5r.\" \/>\n<meta property=\"og:url\" content=\"https:\/\/whitewedding.dk\/index.php\/pakkepriser-bryllupsfoto\/\" \/>\n<meta property=\"og:site_name\" content=\"White Wedding - gammel\" \/>\n<meta property=\"article:modified_time\" content=\"2026-02-28T10:29:46+00:00\" \/>\n<meta name=\"twitter:card\" content=\"summary_large_image\" \/>\n<meta name=\"twitter:label1\" content=\"Estimeret l\u00e6setid\" \/>\n\t<meta name=\"twitter:data1\" content=\"3 minutter\" \/>\n<script type=\"application\/ld+json\" class=\"yoast-schema-graph\">{\"@context\":\"https:\\\/\\\/schema.org\",\"@graph\":[{\"@type\":\"WebPage\",\"@id\":\"https:\\\/\\\/whitewedding.dk\\\/index.php\\\/pakkepriser-bryllupsfoto\\\/\",\"url\":\"https:\\\/\\\/whitewedding.dk\\\/index.php\\\/pakkepriser-bryllupsfoto\\\/\",\"name\":\"Pakkepriser - White Wedding - gammel\",\"isPartOf\":{\"@id\":\"https:\\\/\\\/whitewedding.dk\\\/#website\"},\"datePublished\":\"2026-01-31T13:10:12+00:00\",\"dateModified\":\"2026-02-28T10:29:46+00:00\",\"description\":\"Hos White Wedding f\u00e5r I \u00e6rlige, naturlige \u00f8jeblikke og en tryg oplevelse hele vejen igennem fra f\u00f8rste kontakt til de endelige billeder. Jeg skaber ro omkring jer, s\u00e5 I kan v\u00e6re jer selv foran kameraet uden at f\u00f8le jer fotograferet. Betydningsfulde detaljer, r\u00f8rende \u00f8jeblikke og tidl\u00f8se billeder I vil elske i mange \u00e5r.\",\"breadcrumb\":{\"@id\":\"https:\\\/\\\/whitewedding.dk\\\/index.php\\\/pakkepriser-bryllupsfoto\\\/#breadcrumb\"},\"inLanguage\":\"da-DK\",\"potentialAction\":[{\"@type\":\"ReadAction\",\"target\":[\"https:\\\/\\\/whitewedding.dk\\\/index.php\\\/pakkepriser-bryllupsfoto\\\/\"]}]},{\"@type\":\"BreadcrumbList\",\"@id\":\"https:\\\/\\\/whitewedding.dk\\\/index.php\\\/pakkepriser-bryllupsfoto\\\/#breadcrumb\",\"itemListElement\":[{\"@type\":\"ListItem\",\"position\":1,\"name\":\"Hjem\",\"item\":\"https:\\\/\\\/whitewedding.dk\\\/\"},{\"@type\":\"ListItem\",\"position\":2,\"name\":\"Pakkepriser\"}]},{\"@type\":\"WebSite\",\"@id\":\"https:\\\/\\\/whitewedding.dk\\\/#website\",\"url\":\"https:\\\/\\\/whitewedding.dk\\\/\",\"name\":\"White Wedding - gammel\",\"description\":\"\",\"potentialAction\":[{\"@type\":\"SearchAction\",\"target\":{\"@type\":\"EntryPoint\",\"urlTemplate\":\"https:\\\/\\\/whitewedding.dk\\\/?s={search_term_string}\"},\"query-input\":{\"@type\":\"PropertyValueSpecification\",\"valueRequired\":true,\"valueName\":\"search_term_string\"}}],\"inLanguage\":\"da-DK\"}]}<\/script>\n<!-- \/ Yoast SEO plugin. -->","yoast_head_json":{"title":"Pakkepriser - White Wedding - gammel","description":"Hos White Wedding f\u00e5r I \u00e6rlige, naturlige \u00f8jeblikke og en tryg oplevelse hele vejen igennem fra f\u00f8rste kontakt til de endelige billeder. Jeg skaber ro omkring jer, s\u00e5 I kan v\u00e6re jer selv foran kameraet uden at f\u00f8le jer fotograferet. Betydningsfulde detaljer, r\u00f8rende \u00f8jeblikke og tidl\u00f8se billeder I vil elske i mange \u00e5r.","robots":{"index":"index","follow":"follow","max-snippet":"max-snippet:-1","max-image-preview":"max-image-preview:large","max-video-preview":"max-video-preview:-1"},"canonical":"https:\/\/whitewedding.dk\/index.php\/pakkepriser-bryllupsfoto\/","og_locale":"da_DK","og_type":"article","og_title":"Pakkepriser - White Wedding - gammel","og_description":"Hos White Wedding f\u00e5r I \u00e6rlige, naturlige \u00f8jeblikke og en tryg oplevelse hele vejen igennem fra f\u00f8rste kontakt til de endelige billeder. Jeg skaber ro omkring jer, s\u00e5 I kan v\u00e6re jer selv foran kameraet uden at f\u00f8le jer fotograferet. Betydningsfulde detaljer, r\u00f8rende \u00f8jeblikke og tidl\u00f8se billeder I vil elske i mange \u00e5r.","og_url":"https:\/\/whitewedding.dk\/index.php\/pakkepriser-bryllupsfoto\/","og_site_name":"White Wedding - gammel","article_modified_time":"2026-02-28T10:29:46+00:00","twitter_card":"summary_large_image","twitter_misc":{"Estimeret l\u00e6setid":"3 minutter"},"schema":{"@context":"https:\/\/schema.org","@graph":[{"@type":"WebPage","@id":"https:\/\/whitewedding.dk\/index.php\/pakkepriser-bryllupsfoto\/","url":"https:\/\/whitewedding.dk\/index.php\/pakkepriser-bryllupsfoto\/","name":"Pakkepriser - White Wedding - gammel","isPartOf":{"@id":"https:\/\/whitewedding.dk\/#website"},"datePublished":"2026-01-31T13:10:12+00:00","dateModified":"2026-02-28T10:29:46+00:00","description":"Hos White Wedding f\u00e5r I \u00e6rlige, naturlige \u00f8jeblikke og en tryg oplevelse hele vejen igennem fra f\u00f8rste kontakt til de endelige billeder. Jeg skaber ro omkring jer, s\u00e5 I kan v\u00e6re jer selv foran kameraet uden at f\u00f8le jer fotograferet. Betydningsfulde detaljer, r\u00f8rende \u00f8jeblikke og tidl\u00f8se billeder I vil elske i mange \u00e5r.","breadcrumb":{"@id":"https:\/\/whitewedding.dk\/index.php\/pakkepriser-bryllupsfoto\/#breadcrumb"},"inLanguage":"da-DK","potentialAction":[{"@type":"ReadAction","target":["https:\/\/whitewedding.dk\/index.php\/pakkepriser-bryllupsfoto\/"]}]},{"@type":"BreadcrumbList","@id":"https:\/\/whitewedding.dk\/index.php\/pakkepriser-bryllupsfoto\/#breadcrumb","itemListElement":[{"@type":"ListItem","position":1,"name":"Hjem","item":"https:\/\/whitewedding.dk\/"},{"@type":"ListItem","position":2,"name":"Pakkepriser"}]},{"@type":"WebSite","@id":"https:\/\/whitewedding.dk\/#website","url":"https:\/\/whitewedding.dk\/","name":"White Wedding - gammel","description":"","potentialAction":[{"@type":"SearchAction","target":{"@type":"EntryPoint","urlTemplate":"https:\/\/whitewedding.dk\/?s={search_term_string}"},"query-input":{"@type":"PropertyValueSpecification","valueRequired":true,"valueName":"search_term_string"}}],"inLanguage":"da-DK"}]}},"_links":{"self":[{"href":"https:\/\/whitewedding.dk\/index.php\/wp-json\/wp\/v2\/pages\/119","targetHints":{"allow":["GET"]}}],"collection":[{"href":"https:\/\/whitewedding.dk\/index.php\/wp-json\/wp\/v2\/pages"}],"about":[{"href":"https:\/\/whitewedding.dk\/index.php\/wp-json\/wp\/v2\/types\/page"}],"author":[{"embeddable":true,"href":"https:\/\/whitewedding.dk\/index.php\/wp-json\/wp\/v2\/users\/1"}],"replies":[{"embeddable":true,"href":"https:\/\/whitewedding.dk\/index.php\/wp-json\/wp\/v2\/comments?post=119"}],"version-history":[{"count":23,"href":"https:\/\/whitewedding.dk\/index.php\/wp-json\/wp\/v2\/pages\/119\/revisions"}],"predecessor-version":[{"id":221,"href":"https:\/\/whitewedding.dk\/index.php\/wp-json\/wp\/v2\/pages\/119\/revisions\/221"}],"wp:attachment":[{"href":"https:\/\/whitewedding.dk\/index.php\/wp-json\/wp\/v2\/media?parent=119"}],"curies":[{"name":"wp","href":"https:\/\/api.w.org\/{rel}","templated":true}]}}